{"id":18,"date":"2020-11-16T22:16:36","date_gmt":"2020-11-16T19:16:36","guid":{"rendered":"http:\/\/gonulsaatcilik.com.tr\/?page_id=18"},"modified":"2020-11-17T11:12:57","modified_gmt":"2020-11-17T08:12:57","slug":"bize-ulasin","status":"publish","type":"page","link":"http:\/\/gonulsaatcilik.com.tr\/index.php\/bize-ulasin\/","title":{"rendered":"B\u0130ZE ULA\u015eIN"},"content":{"rendered":"<p><strong>Adres :<\/strong> \u015eakir Nuho\u011flu Camii Arkas\u0131 Cemre Sokak Matarac\u0131 Apt. Alt\u0131 No:1\/G Artuklu\/MARD\u0130N<\/p>\n<p><strong>Telefon :<\/strong> 0536 023 74 00<\/p>\n","protected":false},"excerpt":{"rendered":"<p>Adres : \u015eakir Nuho\u011flu Camii Arkas\u0131 Cemre Sokak Matarac\u0131 Apt. Alt\u0131 No:1\/G Artuklu\/MARD\u0130N Telefon : 0536 023 74 00<\/p>\n","protected":false},"author":1,"featured_media":0,"parent":0,"menu_order":0,"comment_status":"closed","ping_status":"closed","template":"","meta":[],"_links":{"self":[{"href":"http:\/\/gonulsaatcilik.com.tr\/index.php\/wp-json\/wp\/v2\/pages\/18"}],"collection":[{"href":"http:\/\/gonulsaatcilik.com.tr\/index.php\/wp-json\/wp\/v2\/pages"}],"about":[{"href":"http:\/\/gonulsaatcilik.com.tr\/index.php\/wp-json\/wp\/v2\/types\/page"}],"author":[{"embeddable":true,"href":"http:\/\/gonulsaatcilik.com.tr\/index.php\/wp-json\/wp\/v2\/users\/1"}],"replies":[{"embeddable":true,"href":"http:\/\/gonulsaatcilik.com.tr\/index.php\/wp-json\/wp\/v2\/comments?post=18"}],"version-history":[{"count":2,"href":"http:\/\/gonulsaatcilik.com.tr\/index.php\/wp-json\/wp\/v2\/pages\/18\/revisions"}],"predecessor-version":[{"id":95,"href":"http:\/\/gonulsaatcilik.com.tr\/index.php\/wp-json\/wp\/v2\/pages\/18\/revisions\/95"}],"wp:attachment":[{"href":"http:\/\/gonulsaatcilik.com.tr\/index.php\/wp-json\/wp\/v2\/media?parent=18"}],"curies":[{"name":"wp","href":"https:\/\/api.w.org\/{rel}","templated":true}]}}