{"id":82,"date":"2020-11-17T11:00:56","date_gmt":"2020-11-17T08:00:56","guid":{"rendered":"http:\/\/gonulsaatcilik.com.tr\/?page_id=82"},"modified":"2020-11-17T11:00:56","modified_gmt":"2020-11-17T08:00:56","slug":"kurumsal","status":"publish","type":"page","link":"http:\/\/gonulsaatcilik.com.tr\/index.php\/kurumsal\/","title":{"rendered":"KURUMSAL"},"content":{"rendered":"<p>G\u00f6n\u00fcl Saat\u00e7ilik 1990 y\u0131l\u0131ndan bu yana sekt\u00f6rde faaliyet g\u00f6steren bir kurulu\u015ftur. Kurulu\u015fundan bu yana \u00f6zellikle antika saatler ve mekanik saatler \u00fczerinde \u00e7al\u0131\u015fmalarda bulunmu\u015f ve firmam\u0131za saatlerini getiren m\u00fc\u015fterilerden her zaman m\u00fc\u015fteri memnuniyetini toplamay\u0131 ba\u015farm\u0131\u015ft\u0131r ve her zaman ilk hedef m\u00fc\u015fteri memnuniyeti olmu\u015ftur.<\/p>\n","protected":false},"excerpt":{"rendered":"<p>G\u00f6n\u00fcl Saat\u00e7ilik 1990 y\u0131l\u0131ndan bu yana sekt\u00f6rde faaliyet g\u00f6steren bir kurulu\u015ftur. Kurulu\u015fundan bu yana \u00f6zellikle antika saatler ve mekanik saatler \u00fczerinde \u00e7al\u0131\u015fmalarda bulunmu\u015f ve firmam\u0131za saatlerini getiren m\u00fc\u015fterilerden her zaman m\u00fc\u015fteri memnuniyetini toplamay\u0131 ba\u015farm\u0131\u015ft\u0131r ve her zaman ilk hedef m\u00fc\u015fteri memnuniyeti olmu\u015ftur.<\/p>\n","protected":false},"author":1,"featured_media":0,"parent":0,"menu_order":0,"comment_status":"closed","ping_status":"closed","template":"","meta":[],"_links":{"self":[{"href":"http:\/\/gonulsaatcilik.com.tr\/index.php\/wp-json\/wp\/v2\/pages\/82"}],"collection":[{"href":"http:\/\/gonulsaatcilik.com.tr\/index.php\/wp-json\/wp\/v2\/pages"}],"about":[{"href":"http:\/\/gonulsaatcilik.com.tr\/index.php\/wp-json\/wp\/v2\/types\/page"}],"author":[{"embeddable":true,"href":"http:\/\/gonulsaatcilik.com.tr\/index.php\/wp-json\/wp\/v2\/users\/1"}],"replies":[{"embeddable":true,"href":"http:\/\/gonulsaatcilik.com.tr\/index.php\/wp-json\/wp\/v2\/comments?post=82"}],"version-history":[{"count":1,"href":"http:\/\/gonulsaatcilik.com.tr\/index.php\/wp-json\/wp\/v2\/pages\/82\/revisions"}],"predecessor-version":[{"id":84,"href":"http:\/\/gonulsaatcilik.com.tr\/index.php\/wp-json\/wp\/v2\/pages\/82\/revisions\/84"}],"wp:attachment":[{"href":"http:\/\/gonulsaatcilik.com.tr\/index.php\/wp-json\/wp\/v2\/media?parent=82"}],"curies":[{"name":"wp","href":"https:\/\/api.w.org\/{rel}","templated":true}]}}