{"id":85,"date":"2020-11-17T11:02:57","date_gmt":"2020-11-17T08:02:57","guid":{"rendered":"http:\/\/gonulsaatcilik.com.tr\/?page_id=85"},"modified":"2020-11-17T11:02:57","modified_gmt":"2020-11-17T08:02:57","slug":"urunlerimiz","status":"publish","type":"page","link":"http:\/\/gonulsaatcilik.com.tr\/index.php\/urunlerimiz\/","title":{"rendered":"\u00dcR\u00dcNLER\u0130M\u0130Z"},"content":{"rendered":"<div>G\u00f6n\u00fcl Saat\u00e7ilik 1990 y\u0131l\u0131ndan beri Mardin\u2019de saat sekt\u00f6r\u00fcnde faaliyet g\u00f6stermektedir.<\/div>\n<div><\/div>\n<div><\/div>\n<div><\/div>\n","protected":false},"excerpt":{"rendered":"<p>G\u00f6n\u00fcl Saat\u00e7ilik 1990 y\u0131l\u0131ndan beri Mardin\u2019de saat sekt\u00f6r\u00fcnde faaliyet g\u00f6stermektedir.<\/p>\n","protected":false},"author":1,"featured_media":0,"parent":0,"menu_order":0,"comment_status":"closed","ping_status":"closed","template":"","meta":[],"_links":{"self":[{"href":"http:\/\/gonulsaatcilik.com.tr\/index.php\/wp-json\/wp\/v2\/pages\/85"}],"collection":[{"href":"http:\/\/gonulsaatcilik.com.tr\/index.php\/wp-json\/wp\/v2\/pages"}],"about":[{"href":"http:\/\/gonulsaatcilik.com.tr\/index.php\/wp-json\/wp\/v2\/types\/page"}],"author":[{"embeddable":true,"href":"http:\/\/gonulsaatcilik.com.tr\/index.php\/wp-json\/wp\/v2\/users\/1"}],"replies":[{"embeddable":true,"href":"http:\/\/gonulsaatcilik.com.tr\/index.php\/wp-json\/wp\/v2\/comments?post=85"}],"version-history":[{"count":1,"href":"http:\/\/gonulsaatcilik.com.tr\/index.php\/wp-json\/wp\/v2\/pages\/85\/revisions"}],"predecessor-version":[{"id":87,"href":"http:\/\/gonulsaatcilik.com.tr\/index.php\/wp-json\/wp\/v2\/pages\/85\/revisions\/87"}],"wp:attachment":[{"href":"http:\/\/gonulsaatcilik.com.tr\/index.php\/wp-json\/wp\/v2\/media?parent=85"}],"curies":[{"name":"wp","href":"https:\/\/api.w.org\/{rel}","templated":true}]}}