{"id":88,"date":"2020-11-17T11:05:16","date_gmt":"2020-11-17T08:05:16","guid":{"rendered":"http:\/\/gonulsaatcilik.com.tr\/?page_id=88"},"modified":"2020-11-19T13:43:42","modified_gmt":"2020-11-19T10:43:42","slug":"hizmetlerimiz","status":"publish","type":"page","link":"http:\/\/gonulsaatcilik.com.tr\/index.php\/hizmetlerimiz\/","title":{"rendered":"H\u0130ZMETLER\u0130M\u0130Z"},"content":{"rendered":"<p><strong>Kol Saati Tamiri ve Bak\u0131m\u0131<br \/>\n<\/strong>30 y\u0131ll\u0131k tecr\u00fcbemizleMekanik ve Pilli Saatlerinizin tamirini\u00a0 ger\u00e7ekle\u015ftiriyoruz&#8230;<\/p>\n<p><strong>Cep Saati Tamiri ve Bak\u0131m\u0131<br \/>\n<\/strong>30 y\u0131ll\u0131k tecr\u00fcbemizle Cep Saatlerinizi tamirini ve bak\u0131m\u0131n\u0131 ger\u00e7ekle\u015ftiriyoruz&#8230;<\/p>\n<p><strong>Duvar Saati Tamiri ve Bak\u0131m\u0131<br \/>\n<\/strong>30 y\u0131ll\u0131k tecr\u00fcbemizle Duvar Saatlerinizin tamirini ve bak\u0131m\u0131n\u0131 ger\u00e7ekle\u015ftiriyoruz&#8230;<\/p>\n","protected":false},"excerpt":{"rendered":"<p>Kol Saati Tamiri ve Bak\u0131m\u0131 30 y\u0131ll\u0131k tecr\u00fcbemizleMekanik ve Pilli Saatlerinizin tamirini\u00a0 ger\u00e7ekle\u015ftiriyoruz&#8230; Cep Saati Tamiri ve Bak\u0131m\u0131 30 y\u0131ll\u0131k tecr\u00fcbemizle Cep Saatlerinizi tamirini ve bak\u0131m\u0131n\u0131 ger\u00e7ekle\u015ftiriyoruz&#8230; Duvar Saati Tamiri ve Bak\u0131m\u0131 30 y\u0131ll\u0131k tecr\u00fcbemizle Duvar Saatlerinizin tamirini ve bak\u0131m\u0131n\u0131 ger\u00e7ekle\u015ftiriyoruz&#8230;<\/p>\n","protected":false},"author":1,"featured_media":0,"parent":0,"menu_order":0,"comment_status":"closed","ping_status":"closed","template":"","meta":[],"_links":{"self":[{"href":"http:\/\/gonulsaatcilik.com.tr\/index.php\/wp-json\/wp\/v2\/pages\/88"}],"collection":[{"href":"http:\/\/gonulsaatcilik.com.tr\/index.php\/wp-json\/wp\/v2\/pages"}],"about":[{"href":"http:\/\/gonulsaatcilik.com.tr\/index.php\/wp-json\/wp\/v2\/types\/page"}],"author":[{"embeddable":true,"href":"http:\/\/gonulsaatcilik.com.tr\/index.php\/wp-json\/wp\/v2\/users\/1"}],"replies":[{"embeddable":true,"href":"http:\/\/gonulsaatcilik.com.tr\/index.php\/wp-json\/wp\/v2\/comments?post=88"}],"version-history":[{"count":2,"href":"http:\/\/gonulsaatcilik.com.tr\/index.php\/wp-json\/wp\/v2\/pages\/88\/revisions"}],"predecessor-version":[{"id":103,"href":"http:\/\/gonulsaatcilik.com.tr\/index.php\/wp-json\/wp\/v2\/pages\/88\/revisions\/103"}],"wp:attachment":[{"href":"http:\/\/gonulsaatcilik.com.tr\/index.php\/wp-json\/wp\/v2\/media?parent=88"}],"curies":[{"name":"wp","href":"https:\/\/api.w.org\/{rel}","templated":true}]}}